{"id":3,"date":"2025-06-02T13:34:02","date_gmt":"2025-06-02T13:34:02","guid":{"rendered":"https:\/\/interior.reaton.lv\/?page_id=3"},"modified":"2025-12-08T22:58:49","modified_gmt":"2025-12-08T22:58:49","slug":"privatuma-politika","status":"publish","type":"page","link":"https:\/\/interior.reaton.lv\/lv\/privatuma-politika\/","title":{"rendered":"Priv\u0101tuma politika"},"content":{"rendered":"\n<p>SIA Reaton priv\u0101tuma politika<\/p>\n\n<p>Priv\u0101tuma politik\u0101 SIA Reaton, re\u0123.nr. 40003015277, juridisk\u0101 adrese: \u010ciekurkalna 2.l\u012bnij\u0101 74, R\u012bga, Latvija, LV-1026 (turpm\u0101k \u2013 SIA Reaton), kas ir Priv\u0101tuma politik\u0101 aprakst\u012bt\u0101s personas datu apstr\u0101des p\u0101rzinis, sniedz inform\u0101ciju par to, ka SIA Reaton veic fizisko personu dutu apstr\u0101di, taj\u0101 skait\u0101 aizsarg\u0101 Reaton r\u012bc\u012bb\u0101 eso\u0161os J\u016bs personas datus.<\/p>\n\n<p>L\u016bdzam J\u016bs r\u016bp\u012bgi izlas\u012bt turpm\u0101k min\u0113to inform\u0101ciju, lai J\u016bsu r\u012bc\u012bb\u0101 b\u016btu inform\u0101cija par to, k\u0101 SIA Reaton apstr\u0101d\u0101 J\u016bsu personas datus.<\/p>\n\n<p>Datu apstr\u0101des kontrolieris: SIA Reaton,Re\u0123istr\u0101cijas numurs: 40003015277Adrese: R\u012bga, \u010ciekurkalna 2.l\u012bnija, LV-1026<\/p>\n\n<p>Priv\u0101tuma politikas ietvaros SIA Reaton apkopo un apstr\u0101d\u0101 personas datus.<\/p>\n\n<h4 class=\"wp-block-heading\"><strong>1. K\u0101du inform\u0101ciju m\u0113s apkopojam?<\/strong><\/h4>\n\n<p>SIA Reaton apkopo visus personas datus, kurus J\u016bs sniedzat SIA Reaton vai kurus SIA Reaton ieg\u016bst saist\u012bb\u0101 ar J\u016bsu sadarb\u012bbu ar SIA Reaton:<\/p>\n\n<p>\u2013 j\u016bsu v\u0101rds, adrese un kontaktinform\u0101cija, tostarp e-pasta adrese un t\u0101lru\u0146a numurs, k\u0101 ar\u012b jebk\u0101da cita inform\u0101cija saist\u012bb\u0101 ar Jums, kas ieg\u016bta no \u0161\u0101das ar Jums saist\u012btas inform\u0101cijas.<\/p>\n\n<p>SIA Reaton var apkopot \u0161o inform\u0101ciju da\u017e\u0101dos veidos. Piem\u0113ram, dati var b\u016bt ieg\u016bti no j\u016bsu pases vai citiem personu apliecino\u0161iem dokumentiem, vai apkopoti, izmantojot J\u016bsu aizpild\u012bto pirc\u0113ja anketi. M\u0113s varam ar\u012b apkopot J\u016bsu personas datus no tre\u0161aj\u0101m person\u0101m. SIA Reaton var piepras\u012bt inform\u0101ciju no tre\u0161aj\u0101m person\u0101m. Dati var tikt glab\u0101ti da\u017e\u0101d\u0101s viet\u0101s, ieskaitot person\u0101lda\u013cas sist\u0113mas, IT sist\u0113mas tai skait\u0101 ieskaitot e-pastu.<\/p>\n\n<p>J\u016bsu personas dati var tikt izmantoti SIA Reaton uz\u0146\u0113mumu grupas ietvaros iek\u0161\u0113jiem administr\u0113\u0161anas m\u0113r\u0137iem.<\/p>\n\n<p>Savuk\u0101rt J\u016bsu personas datu izpau\u0161ana atsevi\u0161\u0137\u0101m tre\u0161aj\u0101m person\u0101m, iesp\u0113jams, var notikt:<\/p>\n\n<p>nododot inform\u0101ciju par Jums SIA Reaton sadarb\u012bbas partneriem, kas sniedz SIA Reaton da\u017e\u0101dus pakalpojumus, ar m\u0113r\u0137i izpild\u012bt J\u016bsu pras\u012bbas, lai SIA Reaton Jums var\u0113tu sniegt J\u016bsu izv\u0113l\u0113to pakalpojumu (piem\u0113ram, preces remonta gad\u012bjum\u0101), p\u0101rdodot Jums preci, pildot pu\u0161u starp\u0101 nosl\u0113gt\u0101s l\u012bgumsaist\u012bbas (piem\u0113ram, darba tiesisko attiec\u012bbu gad\u012bjum\u0101, piekabju nomas l\u012bguma gad\u012bjum\u0101 u.tml.). SIA Reaton nenodod inform\u0101ciju par Jums tre\u0161aj\u0101m person\u0101m, iz\u0146emot gad\u012bjumus, ja tas ir nepiecie\u0161ams SIA Reaton likum\u012bgo, l\u012bgumisko vai komercdarb\u012bbas m\u0113r\u0137u sasnieg\u0161anai, un, kad to at\u013cauj vai nosaka Latvijas Republik\u0101 saisto\u0161ie ties\u012bbu akti. T\u0101pat nepiecie\u0161am\u012bbas gad\u012bjum\u0101 SIA Reaton var nodot J\u016bsu personas datus \u0101rpus Latvijas Republikas citiem SIA Reaton grupas uz\u0146\u0113mumiem vai citiem uz\u0146\u0113mumiem, kas ir SIA Reaton sadarb\u012bbas partneri.<\/p>\n\n<p>Min\u0113t\u0101 inform\u0101cija var tikt atkl\u0101ta:<\/p>\n\n<ul class=\"wp-block-list\">\n<li>lai iev\u0113rotu Latvijas Republik\u0101 sp\u0113k\u0101 eso\u0161os un saisto\u0161os normat\u012bvos aktus un tajos noteikto procesu\u0101lo k\u0101rt\u012bbu,<\/li>\n\n\n\n<li>ja SIA Reaton labtic\u012bgi uzskata, ka atkl\u0101\u0161ana ir nepiecie\u0161ama, lai aizsarg\u0101tu SIA Reaton ties\u012bbas,<\/li>\n\n\n\n<li>lai aizsarg\u0101tu J\u016bsu dro\u0161\u012bbu vai citu personu dro\u0161\u012bbu,<\/li>\n\n\n\n<li>lai nov\u0113rstu un izmekl\u0113tu noziedz\u012bgus nodar\u012bjumus,<\/li>\n\n\n\n<li>lai atbild\u0113tu uz valsts iest\u0101\u017eu piepras\u012bjumiem.<\/li>\n<\/ul>\n\n<p>T\u0101pat gad\u012bjumos, kad J\u016bsu saist\u012bbu neizpildes vai nepien\u0101c\u012bgas izpildes gad\u012bjum\u0101 SIA Reaton var ciest zaud\u0113jumus, tad SIA Reaton ir ties\u012bbas v\u0113rsties ties\u0101, Valsts policij\u0101, pie apdro\u0161in\u0101t\u0101jiem, p\u0101rs\u016bt\u012bt datus par J\u016bsu nenok\u0101rtotaj\u0101m saist\u012bb\u0101m par\u0101du piedzi\u0146as pakalpojumu sniedz\u0113jiem, k\u0101 ar\u012b juridisko pakalpojumu sniedz\u0113jiem.<\/p>\n\n<h4 class=\"wp-block-heading\"><strong>2. K\u0101p\u0113c SIA Reaton apstr\u0101d\u0101 personas datus?<\/strong><\/h4>\n\n<p>Mums ir j\u0101apstr\u0101d\u0101 dati, lai sakontakt\u0113tos ar Jums. Iesp\u0113jams, mums ar\u012b b\u016bs j\u0101apstr\u0101d\u0101 j\u016bsu dati, lai nosl\u0113gtu ar Jums l\u012bgumu. Da\u017eos gad\u012bjumos mums ir j\u0101apstr\u0101d\u0101 dati, lai p\u0101rliecin\u0101tos, ka m\u0113s izpild\u0101m normat\u012bvajos aktos noteikt\u0101s pras\u012bba. SIA Reaton ir le\u0123it\u012bma interese par personas datu apstr\u0101di sadarb\u012bbas proces\u0101. Iesp\u0113jams, mums ar\u012b vajadz\u0113s apstr\u0101d\u0101t datus no pirc\u0113jiem\/sadarb\u012bbas partneriem, lai atbild\u0113tu un aizst\u0101v\u0113tu savas tiesisk\u0101s intereses pras\u012bjumu gad\u012bjum\u0101.<\/p>\n\n<h4 class=\"wp-block-heading\"><strong>3. Kam ir piek\u013cuve datiem?<\/strong><\/h4>\n\n<p>J\u016bsu inform\u0101cija var tikt nodota uz\u0146\u0113muma iek\u0161ien\u0113, lai nodro\u0161in\u0101tu darb\u012bbas, kas saist\u012btas ar person\u0101la atlases procesu un pie\u0146em\u0161anu darb\u0101. Tas ietver person\u0101lda\u013cas un vakanci izsludin\u0101ju\u0161\u0101 departamenta, kandid\u0101tu nov\u0113rt\u0113\u0161anas proces\u0101 iesaist\u012btos interv\u0113t\u0101jus, vad\u012bt\u0101jus uz\u0146\u0113m\u0113jdarb\u012bbas jom\u0101 ar vakanci un IT noda\u013cas atbild\u012bgajam darbiniekiem, ja piek\u013cuve vi\u0146u datiem ir nepiecie\u0161ama vi\u0146u tie\u0161o uzdevumu veik\u0161anai.<\/p>\n\n<h4 class=\"wp-block-heading\"><strong>4. K\u0101 SIA Reaton aizsarg\u0101 datus?<\/strong><\/h4>\n\n<p>M\u0113s nopietni uztveram j\u016bsu datu dro\u0161\u012bbu. Mums ir iek\u0161\u0113ja politika un kontrole, lai nodro\u0161in\u0101tu, ka j\u016bsu dati netiek zaud\u0113ti, nejau\u0161i dz\u0113sti, nepareizi izmantoti vai izpausti, un tiem nevar piek\u013c\u016bt personas, kur\u0101m nav piek\u013cuves ties\u012bbu.<\/p>\n\n<h4 class=\"wp-block-heading\"><strong>5. Cik ilgi SIA Reaton saglab\u0101t datus?<\/strong><\/h4>\n\n<p>SIA Reaton saglab\u0101s datus 6 m\u0113ne\u0161us p\u0113c attiec\u012bg\u0101 sadarb\u012bbas procesa beig\u0101m. \u0160\u012b perioda beig\u0101s j\u016bsu dati tiek dz\u0113sti vai izn\u012bcin\u0101ti.<\/p>\n\n<h4 class=\"wp-block-heading\"><strong>6. J\u016bsu ties\u012bbas<\/strong><\/h4>\n\n<p>K\u0101 datu subjektam jums ir vair\u0101kas ties\u012bbas. J\u016bs varat:<\/p>\n\n<ul class=\"wp-block-list\">\n<li>p\u0113c piepras\u012bjuma piek\u013c\u016bt un ieg\u016bt j\u016bsu datu kopiju;<\/li>\n<\/ul>\n\n<ul class=\"wp-block-list\">\n<li>piepras\u012bt SIA Reaton main\u012bt nepareizus vai nepiln\u012bgus datus;<\/li>\n\n\n\n<li>piepras\u012bt SIA Reaton izdz\u0113st vai p\u0101rtraukt j\u016bsu datu apstr\u0101di, piem\u0113ram, ja dati vairs nav vajadz\u012bgi apstr\u0101des nol\u016bkos; un iebilst pret j\u016bsu datu apstr\u0101di, ja SIA Reaton pamato j\u016bsu datu apstr\u0101di ar le\u0123it\u012bm\u0101m interes\u0113m.<\/li>\n<\/ul>\n\n<p>Ja j\u016bs v\u0113laties izmantot k\u0101du no \u0161\u012bm ties\u012bb\u0101m, l\u016bdzu, sazinieties ar reaton@reaton.lv. Ja j\u016bs uzskat\u0101t, ka SIA Reaton nav iev\u0113rojusi j\u016bsu ties\u012bbas uz datu aizsardz\u012bbu, J\u016bs varat iesniegt s\u016bdz\u012bbu Latvijas Republikas Valsts datu inspekcijai.<\/p>\n\n<h4 class=\"wp-block-heading\"><strong>7. Kas notiek, ja j\u016bs nesniedzat personas datus?<\/strong><\/h4>\n\n<p>Ja J\u016bs neesat piekritis un at\u013c\u0101vis savu personu datu apstr\u0101di noteikumos min\u0113tajam m\u0113r\u0137im un apjom\u0101, tad J\u016bsu dati tiks nekav\u0113joties dz\u0113sti no SIA Reaton sist\u0113mas, tikl\u012bdz tie b\u016bs sa\u0146emti. Ja J\u016bs v\u0113laties atjaunin\u0101t vai papildin\u0101t savus datus, J\u016bs varat nos\u016bt\u012bt mums izmai\u0146as. Izmai\u0146as var nos\u016bt\u012bt, nos\u016btot uz e-pastu reaton@reaton.lv. Pirms izmai\u0146u nos\u016bt\u012b\u0161anas, Jums ir atk\u0101rtoti j\u0101apstiprina \u0161ie noteikumi.<\/p>\n","protected":false},"excerpt":{"rendered":"<p>SIA Reaton priv\u0101tuma politika Priv\u0101tuma politik\u0101 SIA Reaton, re\u0123.nr. 40003015277, juridisk\u0101 adrese: \u010ciekurkalna 2.l\u012bnij\u0101 74, R\u012bga, Latvija, LV-1026 (turpm\u0101k \u2013 SIA Reaton), kas ir Priv\u0101tuma politik\u0101 aprakst\u012bt\u0101s personas datu apstr\u0101des p\u0101rzinis, sniedz inform\u0101ciju par to, ka SIA Reaton veic fizisko personu dutu apstr\u0101di, taj\u0101 skait\u0101 aizsarg\u0101 Reaton r\u012bc\u012bb\u0101 eso\u0161os J\u016bs personas datus. L\u016bdzam J\u016bs r\u016bp\u012bgi [&hellip;]<\/p>\n","protected":false},"author":1,"featured_media":0,"parent":0,"menu_order":0,"comment_status":"closed","ping_status":"open","template":"","meta":{"_acf_changed":false,"footnotes":""},"class_list":["post-3","page","type-page","status-publish","hentry"],"acf":[],"yoast_head":"<!-- This site is optimized with the Yoast SEO Premium plugin v1 (Yoast SEO v25.5) - https:\/\/yoast.com\/wordpress\/plugins\/seo\/ -->\n<title>Priv\u0101tuma politika. Reaton.<\/title>\n<meta name=\"description\" content=\"Priv\u0101tuma politik\u0101 SIA Reaton, re\u0123.nr. 40003015277, juridisk\u0101 adrese: \u010ciekurkalna 2.l\u012bnij\u0101 74, R\u012bga, Latvija, LV-1026 (turpm\u0101k \u2013 SIA Reaton), kas ir Priv\u0101tuma politik\u0101 aprakst\u012bt\u0101s personas datu apstr\u0101des p\u0101rzinis, sniedz inform\u0101ciju par to, ka SIA Reaton veic fizisko personu dutu apstr\u0101di, taj\u0101 skait\u0101 aizsarg\u0101 Reaton r\u012bc\u012bb\u0101 eso\u0161os J\u016bs personas datus.\" \/>\n<meta name=\"robots\" content=\"index, follow, max-snippet:-1, max-image-preview:large, max-video-preview:-1\" \/>\n<link rel=\"canonical\" href=\"https:\/\/interior.reaton.lv\/lv\/privatuma-politika\/\" \/>\n<meta property=\"og:locale\" content=\"lv_LV\" \/>\n<meta property=\"og:type\" content=\"article\" \/>\n<meta property=\"og:title\" content=\"Priv\u0101tuma politika. Reaton.\" \/>\n<meta property=\"og:description\" content=\"Priv\u0101tuma politik\u0101 SIA Reaton, re\u0123.nr. 40003015277, juridisk\u0101 adrese: \u010ciekurkalna 2.l\u012bnij\u0101 74, R\u012bga, Latvija, LV-1026 (turpm\u0101k \u2013 SIA Reaton), kas ir Priv\u0101tuma politik\u0101 aprakst\u012bt\u0101s personas datu apstr\u0101des p\u0101rzinis, sniedz inform\u0101ciju par to, ka SIA Reaton veic fizisko personu dutu apstr\u0101di, taj\u0101 skait\u0101 aizsarg\u0101 Reaton r\u012bc\u012bb\u0101 eso\u0161os J\u016bs personas datus.\" \/>\n<meta property=\"og:url\" content=\"https:\/\/interior.reaton.lv\/lv\/privatuma-politika\/\" \/>\n<meta property=\"og:site_name\" content=\"Reaton\" \/>\n<meta property=\"article:modified_time\" content=\"2025-12-08T22:58:49+00:00\" \/>\n<meta name=\"twitter:card\" content=\"summary_large_image\" \/>\n<meta name=\"twitter:label1\" content=\"Est. reading time\" \/>\n\t<meta name=\"twitter:data1\" content=\"5 minutes\" \/>\n<script type=\"application\/ld+json\" class=\"yoast-schema-graph\">{\"@context\":\"https:\/\/schema.org\",\"@graph\":[{\"@type\":\"WebPage\",\"@id\":\"https:\/\/interior.reaton.lv\/lv\/privatuma-politika\/\",\"url\":\"https:\/\/interior.reaton.lv\/lv\/privatuma-politika\/\",\"name\":\"Priv\u0101tuma politika. Reaton.\",\"isPartOf\":{\"@id\":\"https:\/\/interior.reaton.lv\/lv\/#website\"},\"datePublished\":\"2025-06-02T13:34:02+00:00\",\"dateModified\":\"2025-12-08T22:58:49+00:00\",\"description\":\"Priv\u0101tuma politik\u0101 SIA Reaton, re\u0123.nr. 40003015277, juridisk\u0101 adrese: \u010ciekurkalna 2.l\u012bnij\u0101 74, R\u012bga, Latvija, LV-1026 (turpm\u0101k \u2013 SIA Reaton), kas ir Priv\u0101tuma politik\u0101 aprakst\u012bt\u0101s personas datu apstr\u0101des p\u0101rzinis, sniedz inform\u0101ciju par to, ka SIA Reaton veic fizisko personu dutu apstr\u0101di, taj\u0101 skait\u0101 aizsarg\u0101 Reaton r\u012bc\u012bb\u0101 eso\u0161os J\u016bs personas datus.\",\"breadcrumb\":{\"@id\":\"https:\/\/interior.reaton.lv\/lv\/privatuma-politika\/#breadcrumb\"},\"inLanguage\":\"lv-LV\",\"potentialAction\":[{\"@type\":\"ReadAction\",\"target\":[\"https:\/\/interior.reaton.lv\/lv\/privatuma-politika\/\"]}]},{\"@type\":\"BreadcrumbList\",\"@id\":\"https:\/\/interior.reaton.lv\/lv\/privatuma-politika\/#breadcrumb\",\"itemListElement\":[{\"@type\":\"ListItem\",\"position\":1,\"name\":\"Home\",\"item\":\"https:\/\/interior.reaton.lv\/lv\/\"},{\"@type\":\"ListItem\",\"position\":2,\"name\":\"Priv\u0101tuma politika\"}]},{\"@type\":\"WebSite\",\"@id\":\"https:\/\/interior.reaton.lv\/lv\/#website\",\"url\":\"https:\/\/interior.reaton.lv\/lv\/\",\"name\":\"Reaton\",\"description\":\"\",\"potentialAction\":[{\"@type\":\"SearchAction\",\"target\":{\"@type\":\"EntryPoint\",\"urlTemplate\":\"https:\/\/interior.reaton.lv\/lv\/?s={search_term_string}\"},\"query-input\":{\"@type\":\"PropertyValueSpecification\",\"valueRequired\":true,\"valueName\":\"search_term_string\"}}],\"inLanguage\":\"lv-LV\"}]}<\/script>\n<!-- \/ Yoast SEO Premium plugin. -->","yoast_head_json":{"title":"Priv\u0101tuma politika. Reaton.","description":"Priv\u0101tuma politik\u0101 SIA Reaton, re\u0123.nr. 40003015277, juridisk\u0101 adrese: \u010ciekurkalna 2.l\u012bnij\u0101 74, R\u012bga, Latvija, LV-1026 (turpm\u0101k \u2013 SIA Reaton), kas ir Priv\u0101tuma politik\u0101 aprakst\u012bt\u0101s personas datu apstr\u0101des p\u0101rzinis, sniedz inform\u0101ciju par to, ka SIA Reaton veic fizisko personu dutu apstr\u0101di, taj\u0101 skait\u0101 aizsarg\u0101 Reaton r\u012bc\u012bb\u0101 eso\u0161os J\u016bs personas datus.","robots":{"index":"index","follow":"follow","max-snippet":"max-snippet:-1","max-image-preview":"max-image-preview:large","max-video-preview":"max-video-preview:-1"},"canonical":"https:\/\/interior.reaton.lv\/lv\/privatuma-politika\/","og_locale":"lv_LV","og_type":"article","og_title":"Priv\u0101tuma politika. Reaton.","og_description":"Priv\u0101tuma politik\u0101 SIA Reaton, re\u0123.nr. 40003015277, juridisk\u0101 adrese: \u010ciekurkalna 2.l\u012bnij\u0101 74, R\u012bga, Latvija, LV-1026 (turpm\u0101k \u2013 SIA Reaton), kas ir Priv\u0101tuma politik\u0101 aprakst\u012bt\u0101s personas datu apstr\u0101des p\u0101rzinis, sniedz inform\u0101ciju par to, ka SIA Reaton veic fizisko personu dutu apstr\u0101di, taj\u0101 skait\u0101 aizsarg\u0101 Reaton r\u012bc\u012bb\u0101 eso\u0161os J\u016bs personas datus.","og_url":"https:\/\/interior.reaton.lv\/lv\/privatuma-politika\/","og_site_name":"Reaton","article_modified_time":"2025-12-08T22:58:49+00:00","twitter_card":"summary_large_image","twitter_misc":{"Est. reading time":"5 minutes"},"schema":{"@context":"https:\/\/schema.org","@graph":[{"@type":"WebPage","@id":"https:\/\/interior.reaton.lv\/lv\/privatuma-politika\/","url":"https:\/\/interior.reaton.lv\/lv\/privatuma-politika\/","name":"Priv\u0101tuma politika. Reaton.","isPartOf":{"@id":"https:\/\/interior.reaton.lv\/lv\/#website"},"datePublished":"2025-06-02T13:34:02+00:00","dateModified":"2025-12-08T22:58:49+00:00","description":"Priv\u0101tuma politik\u0101 SIA Reaton, re\u0123.nr. 40003015277, juridisk\u0101 adrese: \u010ciekurkalna 2.l\u012bnij\u0101 74, R\u012bga, Latvija, LV-1026 (turpm\u0101k \u2013 SIA Reaton), kas ir Priv\u0101tuma politik\u0101 aprakst\u012bt\u0101s personas datu apstr\u0101des p\u0101rzinis, sniedz inform\u0101ciju par to, ka SIA Reaton veic fizisko personu dutu apstr\u0101di, taj\u0101 skait\u0101 aizsarg\u0101 Reaton r\u012bc\u012bb\u0101 eso\u0161os J\u016bs personas datus.","breadcrumb":{"@id":"https:\/\/interior.reaton.lv\/lv\/privatuma-politika\/#breadcrumb"},"inLanguage":"lv-LV","potentialAction":[{"@type":"ReadAction","target":["https:\/\/interior.reaton.lv\/lv\/privatuma-politika\/"]}]},{"@type":"BreadcrumbList","@id":"https:\/\/interior.reaton.lv\/lv\/privatuma-politika\/#breadcrumb","itemListElement":[{"@type":"ListItem","position":1,"name":"Home","item":"https:\/\/interior.reaton.lv\/lv\/"},{"@type":"ListItem","position":2,"name":"Priv\u0101tuma politika"}]},{"@type":"WebSite","@id":"https:\/\/interior.reaton.lv\/lv\/#website","url":"https:\/\/interior.reaton.lv\/lv\/","name":"Reaton","description":"","potentialAction":[{"@type":"SearchAction","target":{"@type":"EntryPoint","urlTemplate":"https:\/\/interior.reaton.lv\/lv\/?s={search_term_string}"},"query-input":{"@type":"PropertyValueSpecification","valueRequired":true,"valueName":"search_term_string"}}],"inLanguage":"lv-LV"}]}},"_links":{"self":[{"href":"https:\/\/interior.reaton.lv\/lv\/wp-json\/wp\/v2\/pages\/3","targetHints":{"allow":["GET"]}}],"collection":[{"href":"https:\/\/interior.reaton.lv\/lv\/wp-json\/wp\/v2\/pages"}],"about":[{"href":"https:\/\/interior.reaton.lv\/lv\/wp-json\/wp\/v2\/types\/page"}],"author":[{"embeddable":true,"href":"https:\/\/interior.reaton.lv\/lv\/wp-json\/wp\/v2\/users\/1"}],"replies":[{"embeddable":true,"href":"https:\/\/interior.reaton.lv\/lv\/wp-json\/wp\/v2\/comments?post=3"}],"version-history":[{"count":1,"href":"https:\/\/interior.reaton.lv\/lv\/wp-json\/wp\/v2\/pages\/3\/revisions"}],"predecessor-version":[{"id":8237,"href":"https:\/\/interior.reaton.lv\/lv\/wp-json\/wp\/v2\/pages\/3\/revisions\/8237"}],"wp:attachment":[{"href":"https:\/\/interior.reaton.lv\/lv\/wp-json\/wp\/v2\/media?parent=3"}],"curies":[{"name":"wp","href":"https:\/\/api.w.org\/{rel}","templated":true}]}}