{"id":583,"date":"2025-07-22T10:32:30","date_gmt":"2025-07-22T10:32:30","guid":{"rendered":"https:\/\/interior.reaton.lv\/?page_id=583"},"modified":"2025-11-28T11:02:01","modified_gmt":"2025-11-28T11:02:01","slug":"kontakti","status":"publish","type":"page","link":"https:\/\/interior.reaton.lv\/lv\/kontakti\/","title":{"rendered":"Kontakti"},"content":{"rendered":"<section class=\"ps-section ps-contacts\"><div class=\"ps-content\"><div class=\"single-contact\" data-single-contact><h2 class=\"title\">Projektu departaments<\/h2><div class=\"inner-wrapper\"><div class=\"contacts\"><div class=\"company-info\"><h2 class=\"block-title\">kontakti un adrese<\/h2><div class=\"info-container\"><div class=\"widget-phone\"><svg class=\" icon icon-phone\" aria-hidden=\"true\" role=\"img\"><use href=\"https:\/\/interior.reaton.lv\/wp-content\/themes\/reaton\/assets\/images\/icons.svg#icon-phone\" xlink:href=\"https:\/\/interior.reaton.lv\/wp-content\/themes\/reaton\/assets\/images\/icons.svg#icon-phone\"><\/use><\/svg><a href=\"tel:+37120007608\" class=\"link-phone\">+371 20 007 608<\/a><\/div><div class=\"widget-email\"><svg class=\" icon icon-email\" aria-hidden=\"true\" role=\"img\"><use href=\"https:\/\/interior.reaton.lv\/wp-content\/themes\/reaton\/assets\/images\/icons.svg#icon-email\" xlink:href=\"https:\/\/interior.reaton.lv\/wp-content\/themes\/reaton\/assets\/images\/icons.svg#icon-email\"><\/use><\/svg><span class=\"email\" data-liame=\"\" data-liame-name=\"Ymlyb2pz\" data-liame-host=\"cmVhdG9uLmx2\"><\/span><\/div><div class=\"widget-address\"><svg class=\" icon icon-location\" aria-hidden=\"true\" role=\"img\"><use href=\"https:\/\/interior.reaton.lv\/wp-content\/themes\/reaton\/assets\/images\/icons.svg#icon-location\" xlink:href=\"https:\/\/interior.reaton.lv\/wp-content\/themes\/reaton\/assets\/images\/icons.svg#icon-location\"><\/use><\/svg><div class=\"wa-inner-wrapper\"><p class=\"address\">\u010ciekurkalna 2. l\u012bnija 74, <br \/>\r\nR\u012bga, LV-1026, Latvija<\/p><\/div><\/div><\/div><\/div><div class=\"working-time\"><h2 class=\"block-title\">darba laiks<\/h2><table><tbody><tr><td>P.-Pk.:<\/td><td>08:00\u201317:00<\/td><\/tr><tr><td><strong>S.:<\/strong><\/td><td><strong>Sl\u0113gts<\/strong><\/td><\/tr><tr><td><strong>Sv.:<\/strong><\/td><td><strong>Sl\u0113gts<\/strong><\/td><\/tr><\/tbody><\/table><\/div><\/div><div class=\"google-map\" data-map-container data-address=\"\u010ciekurkalna 2. l\u012bnija 74, \r\nR\u012bga, LV-1026, Latvija\"><\/div><\/div><\/div><div class=\"single-contact\" data-single-contact><h2 class=\"title\">Reaton apdares materi\u0101lu veikals<\/h2><div class=\"inner-wrapper\"><div class=\"contacts\"><div class=\"company-info\"><h2 class=\"block-title\">kontakti un adrese<\/h2><div class=\"info-container\"><div class=\"widget-phone\"><svg class=\" icon icon-phone\" aria-hidden=\"true\" role=\"img\"><use href=\"https:\/\/interior.reaton.lv\/wp-content\/themes\/reaton\/assets\/images\/icons.svg#icon-phone\" xlink:href=\"https:\/\/interior.reaton.lv\/wp-content\/themes\/reaton\/assets\/images\/icons.svg#icon-phone\"><\/use><\/svg><a href=\"tel:+37125777771\" class=\"link-phone\">+371 25 777 771<\/a><\/div><div class=\"widget-email\"><svg class=\" icon icon-email\" aria-hidden=\"true\" role=\"img\"><use href=\"https:\/\/interior.reaton.lv\/wp-content\/themes\/reaton\/assets\/images\/icons.svg#icon-email\" xlink:href=\"https:\/\/interior.reaton.lv\/wp-content\/themes\/reaton\/assets\/images\/icons.svg#icon-email\"><\/use><\/svg><span class=\"email\" data-liame=\"\" data-liame-name=\"YXBkYXJl\" data-liame-host=\"cmVhdG9uLmx2\"><\/span><\/div><div class=\"widget-address\"><svg class=\" icon icon-location\" aria-hidden=\"true\" role=\"img\"><use href=\"https:\/\/interior.reaton.lv\/wp-content\/themes\/reaton\/assets\/images\/icons.svg#icon-location\" xlink:href=\"https:\/\/interior.reaton.lv\/wp-content\/themes\/reaton\/assets\/images\/icons.svg#icon-location\"><\/use><\/svg><div class=\"wa-inner-wrapper\"><p class=\"address\">\u010ciekurkalna 2. l\u012bnija 74, <br \/>\r\nR\u012bga, LV-1026, Latvija<\/p><\/div><\/div><\/div><\/div><div class=\"working-time\"><h2 class=\"block-title\">darba laiks<\/h2><table><tbody><tr><td>P.-Pk.:<\/td><td>09:00\u201318:00<\/td><\/tr><tr><td>S.:<\/td><td>10:00\u201316:00<\/td><\/tr><tr><td><strong>Sv.:<\/strong><\/td><td><strong>Sl\u0113gts<\/strong><\/td><\/tr><\/tbody><\/table><\/div><\/div><div class=\"google-map\" data-map-container data-address=\"\u010ciekurkalna 2. l\u012bnija 74, \r\nR\u012bga, LV-1026, Latvija\"><\/div><\/div><\/div><div class=\"single-contact\" data-single-contact><h2 class=\"title\">MC\u00b2 Decorum Veikals<\/h2><div class=\"inner-wrapper\"><div class=\"contacts\"><div class=\"company-info\"><h2 class=\"block-title\">kontakti un adrese<\/h2><div class=\"info-container\"><div class=\"widget-phone\"><svg class=\" icon icon-phone\" aria-hidden=\"true\" role=\"img\"><use href=\"https:\/\/interior.reaton.lv\/wp-content\/themes\/reaton\/assets\/images\/icons.svg#icon-phone\" xlink:href=\"https:\/\/interior.reaton.lv\/wp-content\/themes\/reaton\/assets\/images\/icons.svg#icon-phone\"><\/use><\/svg><a href=\"tel:+37120405577\" class=\"link-phone\">+371 20 405 577<\/a><\/div><div class=\"widget-email\"><svg class=\" icon icon-email\" aria-hidden=\"true\" role=\"img\"><use href=\"https:\/\/interior.reaton.lv\/wp-content\/themes\/reaton\/assets\/images\/icons.svg#icon-email\" xlink:href=\"https:\/\/interior.reaton.lv\/wp-content\/themes\/reaton\/assets\/images\/icons.svg#icon-email\"><\/use><\/svg><span class=\"email\" data-liame=\"\" data-liame-name=\"ZGVjb3J1bQ==\" data-liame-host=\"bWMyLmx2\"><\/span><\/div><div class=\"widget-address\"><svg class=\" icon icon-location\" aria-hidden=\"true\" role=\"img\"><use href=\"https:\/\/interior.reaton.lv\/wp-content\/themes\/reaton\/assets\/images\/icons.svg#icon-location\" xlink:href=\"https:\/\/interior.reaton.lv\/wp-content\/themes\/reaton\/assets\/images\/icons.svg#icon-location\"><\/use><\/svg><div class=\"wa-inner-wrapper\"><p class=\"address\">Krasta iela 68A, R\u012bga, <br \/>\r\nLV-1019, Latvija<\/p><\/div><\/div><\/div><\/div><div class=\"working-time\"><h2 class=\"block-title\">darba laiks<\/h2><table><tbody><tr><td>P.-Pk.:<\/td><td>10:30\u201319:00<\/td><\/tr><tr><td>S.:<\/td><td>10:30\u201319:00<\/td><\/tr><tr><td><strong>Sv.:<\/strong><\/td><td><strong>Sl\u0113gts<\/strong><\/td><\/tr><\/tbody><\/table><\/div><\/div><div class=\"google-map\" data-map-container data-address=\"Krasta iela 68A, R\u012bga, \r\nLV-1019, Latvija\"><\/div><\/div><\/div><\/div><\/section><section class=\"ps-section ps-follow-us\"><div class=\"ps-content\"><div class=\"social\"><h2 class=\"block-title\">Seko mums<\/h2><div class=\"decor-arrow\"><\/div><div class=\"links-wrapper\"><a href=\"https:\/\/www.facebook.com\/Reaton.lv\" class=\"single-social\" target=\"_blank\"><img decoding=\"async\" class=\"social-logo\" src=\"https:\/\/interior.reaton.lv\/wp-content\/uploads\/2025\/09\/social-facebook@2x.png\" alt=\"Facebook\"><\/a><a href=\"https:\/\/www.instagram.com\/reatonapdare\" class=\"single-social\" target=\"_blank\"><img decoding=\"async\" class=\"social-logo\" src=\"https:\/\/interior.reaton.lv\/wp-content\/uploads\/2025\/09\/social-instagram@2x.png\" alt=\"Instagram\"><\/a><a href=\"http:\/\/linkedin.com\/company\/reatonsia\/\" class=\"single-social\" target=\"_blank\"><img decoding=\"async\" class=\"social-logo\" src=\"https:\/\/interior.reaton.lv\/wp-content\/uploads\/2025\/09\/social-linkedin@2x.png\" alt=\"LinkedIn\"><\/a><a href=\"https:\/\/www.threads.com\/@reatonapdare?igshid=NTc4MTIwNjQ2YQ==\" class=\"single-social\" target=\"_blank\"><img decoding=\"async\" class=\"social-logo\" src=\"https:\/\/interior.reaton.lv\/wp-content\/uploads\/2025\/09\/social-threads@2x.png\" alt=\"Threads\"><\/a><\/div><\/div><\/div><\/section><section class=\"ps-section ps-payments-and-bank-details\"><div class=\"ps-content\"><h2 class=\"block-title\">Maks\u0101jumi un bankas rekviz\u012bti<\/h2><div class=\"inner-container\"><h3 class=\"company\">Reaton, SIA<\/h3><div class=\"details-group\"><div class=\"single-detail\"><div class=\"label\">PVN re\u0123.nr.:<\/div><div class=\"value\">LV40003015277<\/div><\/div><div class=\"single-detail\"><div class=\"label\">Re\u0123.nr.:<\/div><div class=\"value\">40003015277<\/div><\/div><\/div><div class=\"details-group\"><div class=\"single-detail\"><div class=\"label\">Banka:<\/div><div class=\"value\">AS SEB Banka<\/div><\/div><div class=\"single-detail\"><div class=\"label\">SWIFT:<\/div><div class=\"value\">UNLALV2X<\/div><\/div><\/div><div class=\"details-group\"><div class=\"single-detail\"><div class=\"label\">IBAN (EUR):<\/div><div class=\"value\"> LV86UNLA0050000191945<\/div><\/div><div class=\"single-detail\"><div class=\"label\">IBAN (USD):<\/div><div class=\"value\">LV63UNLA0050000191971<\/div><\/div><\/div><\/div><\/div><\/section>\n<section class=\"ps-section ps-newsletter-subscription\"><div class=\"ps-content\"><div class=\"inner-container\"><div class=\"subscribe-form-container\" data-subscribe-form-container><div class=\"newsletter-subscription\"><h2 class=\"block-title\">Sekojiet l\u012bdzi jaun\u0101kaj\u0101m tendenc\u0113m, tirgus ieskatiem un ekskluz\u012bv\u0101m zi\u0146\u0101m no Reaton! <strong>Pierakstieties m\u016bsu jaunumiem<\/strong> un nepalaidiet gar\u0101m svar\u012bg\u0101ko.<\/h2><h2 class=\"form-title\">Pierakst\u012bties jaunumiem<\/h2><form class=\"subscribe-form\" data-subscribe-form><label><input type=\"email\" name=\"email\" placeholder=\"J\u016bsu e-pasta adrese...\" required><span class=\"message\" data-subscribe-form-message><\/span><\/label><button type=\"submit\">Pierakst\u012bties<\/button><\/form><\/div><div class=\"subscription-success-message\"><h2 class=\"title\">Paldies!<\/h2><p class=\"subtitle\">J\u016bs esat veiksm\u012bgi pierakst\u012bjies m\u016bsu e-pasta abon\u0113\u0161anas sarakst\u0101.<\/p><button class=\"link-with-arrow mirrored\" data-back-to-subscribe-form>Atgriezties pie abon\u0113\u0161anas formas<\/button><\/div><svg class=\" icon icon-newsletter\" aria-hidden=\"true\" role=\"img\"><use href=\"https:\/\/interior.reaton.lv\/wp-content\/themes\/reaton\/assets\/images\/icons.svg#icon-newsletter\" xlink:href=\"https:\/\/interior.reaton.lv\/wp-content\/themes\/reaton\/assets\/images\/icons.svg#icon-newsletter\"><\/use><\/svg><\/div><\/div><\/div><\/section>","protected":false},"excerpt":{"rendered":"","protected":false},"author":1,"featured_media":0,"parent":0,"menu_order":0,"comment_status":"closed","ping_status":"closed","template":"","meta":{"_acf_changed":false,"footnotes":""},"class_list":["post-583","page","type-page","status-publish","hentry"],"acf":[],"yoast_head":"<!-- This site is optimized with the Yoast SEO Premium plugin v1 (Yoast SEO v25.5) - https:\/\/yoast.com\/wordpress\/plugins\/seo\/ -->\n<title>Kontakti. Reaton<\/title>\n<meta name=\"description\" content=\"\u012astenosim j\u016bsu idejas \u2014 sazinieties ar mums jau \u0161odien! Telefons: +371 25 777 771\" \/>\n<meta name=\"robots\" content=\"index, follow, max-snippet:-1, max-image-preview:large, max-video-preview:-1\" \/>\n<link rel=\"canonical\" href=\"https:\/\/interior.reaton.lv\/lv\/kontakti\/\" \/>\n<meta property=\"og:locale\" content=\"lv_LV\" \/>\n<meta property=\"og:type\" content=\"article\" \/>\n<meta property=\"og:title\" content=\"Kontakti. Reaton\" \/>\n<meta property=\"og:description\" content=\"\u012astenosim j\u016bsu idejas \u2014 sazinieties ar mums jau \u0161odien! Telefons: +371 25 777 771\" \/>\n<meta property=\"og:url\" content=\"https:\/\/interior.reaton.lv\/lv\/kontakti\/\" \/>\n<meta property=\"og:site_name\" content=\"Reaton\" \/>\n<meta property=\"article:modified_time\" content=\"2025-11-28T11:02:01+00:00\" \/>\n<meta name=\"twitter:card\" content=\"summary_large_image\" \/>\n<script type=\"application\/ld+json\" class=\"yoast-schema-graph\">{\"@context\":\"https:\/\/schema.org\",\"@graph\":[{\"@type\":\"WebPage\",\"@id\":\"https:\/\/interior.reaton.lv\/lv\/kontakti\/\",\"url\":\"https:\/\/interior.reaton.lv\/lv\/kontakti\/\",\"name\":\"Kontakti. Reaton\",\"isPartOf\":{\"@id\":\"https:\/\/interior.reaton.lv\/lv\/#website\"},\"datePublished\":\"2025-07-22T10:32:30+00:00\",\"dateModified\":\"2025-11-28T11:02:01+00:00\",\"description\":\"\u012astenosim j\u016bsu idejas \u2014 sazinieties ar mums jau \u0161odien! Telefons: +371 25 777 771\",\"breadcrumb\":{\"@id\":\"https:\/\/interior.reaton.lv\/lv\/kontakti\/#breadcrumb\"},\"inLanguage\":\"lv-LV\",\"potentialAction\":[{\"@type\":\"ReadAction\",\"target\":[\"https:\/\/interior.reaton.lv\/lv\/kontakti\/\"]}]},{\"@type\":\"BreadcrumbList\",\"@id\":\"https:\/\/interior.reaton.lv\/lv\/kontakti\/#breadcrumb\",\"itemListElement\":[{\"@type\":\"ListItem\",\"position\":1,\"name\":\"Home\",\"item\":\"https:\/\/interior.reaton.lv\/lv\/\"},{\"@type\":\"ListItem\",\"position\":2,\"name\":\"Kontakti\"}]},{\"@type\":\"WebSite\",\"@id\":\"https:\/\/interior.reaton.lv\/lv\/#website\",\"url\":\"https:\/\/interior.reaton.lv\/lv\/\",\"name\":\"Reaton\",\"description\":\"\",\"potentialAction\":[{\"@type\":\"SearchAction\",\"target\":{\"@type\":\"EntryPoint\",\"urlTemplate\":\"https:\/\/interior.reaton.lv\/lv\/?s={search_term_string}\"},\"query-input\":{\"@type\":\"PropertyValueSpecification\",\"valueRequired\":true,\"valueName\":\"search_term_string\"}}],\"inLanguage\":\"lv-LV\"}]}<\/script>\n<!-- \/ Yoast SEO Premium plugin. -->","yoast_head_json":{"title":"Kontakti. Reaton","description":"\u012astenosim j\u016bsu idejas \u2014 sazinieties ar mums jau \u0161odien! Telefons: +371 25 777 771","robots":{"index":"index","follow":"follow","max-snippet":"max-snippet:-1","max-image-preview":"max-image-preview:large","max-video-preview":"max-video-preview:-1"},"canonical":"https:\/\/interior.reaton.lv\/lv\/kontakti\/","og_locale":"lv_LV","og_type":"article","og_title":"Kontakti. Reaton","og_description":"\u012astenosim j\u016bsu idejas \u2014 sazinieties ar mums jau \u0161odien! Telefons: +371 25 777 771","og_url":"https:\/\/interior.reaton.lv\/lv\/kontakti\/","og_site_name":"Reaton","article_modified_time":"2025-11-28T11:02:01+00:00","twitter_card":"summary_large_image","schema":{"@context":"https:\/\/schema.org","@graph":[{"@type":"WebPage","@id":"https:\/\/interior.reaton.lv\/lv\/kontakti\/","url":"https:\/\/interior.reaton.lv\/lv\/kontakti\/","name":"Kontakti. Reaton","isPartOf":{"@id":"https:\/\/interior.reaton.lv\/lv\/#website"},"datePublished":"2025-07-22T10:32:30+00:00","dateModified":"2025-11-28T11:02:01+00:00","description":"\u012astenosim j\u016bsu idejas \u2014 sazinieties ar mums jau \u0161odien! Telefons: +371 25 777 771","breadcrumb":{"@id":"https:\/\/interior.reaton.lv\/lv\/kontakti\/#breadcrumb"},"inLanguage":"lv-LV","potentialAction":[{"@type":"ReadAction","target":["https:\/\/interior.reaton.lv\/lv\/kontakti\/"]}]},{"@type":"BreadcrumbList","@id":"https:\/\/interior.reaton.lv\/lv\/kontakti\/#breadcrumb","itemListElement":[{"@type":"ListItem","position":1,"name":"Home","item":"https:\/\/interior.reaton.lv\/lv\/"},{"@type":"ListItem","position":2,"name":"Kontakti"}]},{"@type":"WebSite","@id":"https:\/\/interior.reaton.lv\/lv\/#website","url":"https:\/\/interior.reaton.lv\/lv\/","name":"Reaton","description":"","potentialAction":[{"@type":"SearchAction","target":{"@type":"EntryPoint","urlTemplate":"https:\/\/interior.reaton.lv\/lv\/?s={search_term_string}"},"query-input":{"@type":"PropertyValueSpecification","valueRequired":true,"valueName":"search_term_string"}}],"inLanguage":"lv-LV"}]}},"_links":{"self":[{"href":"https:\/\/interior.reaton.lv\/lv\/wp-json\/wp\/v2\/pages\/583","targetHints":{"allow":["GET"]}}],"collection":[{"href":"https:\/\/interior.reaton.lv\/lv\/wp-json\/wp\/v2\/pages"}],"about":[{"href":"https:\/\/interior.reaton.lv\/lv\/wp-json\/wp\/v2\/types\/page"}],"author":[{"embeddable":true,"href":"https:\/\/interior.reaton.lv\/lv\/wp-json\/wp\/v2\/users\/1"}],"replies":[{"embeddable":true,"href":"https:\/\/interior.reaton.lv\/lv\/wp-json\/wp\/v2\/comments?post=583"}],"version-history":[{"count":1,"href":"https:\/\/interior.reaton.lv\/lv\/wp-json\/wp\/v2\/pages\/583\/revisions"}],"predecessor-version":[{"id":7978,"href":"https:\/\/interior.reaton.lv\/lv\/wp-json\/wp\/v2\/pages\/583\/revisions\/7978"}],"wp:attachment":[{"href":"https:\/\/interior.reaton.lv\/lv\/wp-json\/wp\/v2\/media?parent=583"}],"curies":[{"name":"wp","href":"https:\/\/api.w.org\/{rel}","templated":true}]}}